{"id":310,"date":"2024-07-16T11:27:12","date_gmt":"2024-07-16T09:27:12","guid":{"rendered":"https:\/\/monisbastelzimmer.de\/home\/?page_id=310"},"modified":"2024-08-07T13:16:56","modified_gmt":"2024-08-07T11:16:56","slug":"blog","status":"publish","type":"page","link":"https:\/\/monisbastelzimmer.de\/home\/blog\/","title":{"rendered":"Blog"},"content":{"rendered":"\n\t<section class=\"section\" id=\"section_2011734325\">\n\t\t<div class=\"bg section-bg fill bg-fill  bg-loaded\" >\n\n\t\t\t\n\t\t\t\n\t\t\t\n\n\t\t<\/div>\n\n\t\t\n\n\t\t<div class=\"section-content relative\">\n\t\t\t\n\n<div class=\"row\"  id=\"row-1240092472\">\n\n\n\t<div id=\"col-1836665395\" class=\"col medium-9 small-12 large-9\"  >\n\t\t\t\t<div class=\"col-inner\"  >\n\t\t\t\n\t<div class=\"is-border\"\n\t\tstyle=\"border-width:0px 1px 0px 0px;\">\n\t<\/div>\n\t\t\t\n\n\n  \n    <div class=\"row large-columns-3 medium-columns-1 small-columns-1 slider row-slider slider-nav-reveal slider-nav-push\"  data-flickity-options='{\"imagesLoaded\": true, \"groupCells\": \"100%\", \"dragThreshold\" : 5, \"cellAlign\": \"left\",\"wrapAround\": true,\"prevNextButtons\": true,\"percentPosition\": true,\"pageDots\": false, \"rightToLeft\": false, \"autoPlay\" : false}' >\n\n  <div class=\"col post-item\" >\n\t\t\t<div class=\"col-inner\">\n\t\t\t\t<div class=\"box box-normal box-text-bottom box-blog-post has-hover\">\n          \t\t\t\t\t<div class=\"box-text text-center\" >\n\t\t\t\t\t<div class=\"box-text-inner blog-post-inner\">\n\n\t\t\t\t\t\n\t\t\t\t\t\t\t\t\t\t<h5 class=\"post-title is-large \">\n\t\t\t\t\t\t<a href=\"https:\/\/monisbastelzimmer.de\/home\/2025\/11\/27\/engerlmarkt-in-thierhaupten\/\" class=\"plain\">Engerlmarkt in Thierhaupten<\/a>\n\t\t\t\t\t<\/h5>\n\t\t\t\t\t<div class=\"post-meta is-small op-8\">27. November 2025<\/div>\t\t\t\t\t<div class=\"is-divider\"><\/div>\n\t\t\t\t\t\t\t\t\t\t<p class=\"from_the_blog_excerpt \">\n\t\t\t\t\t\tIhr findet mich dieses Jahr wieder im Kloster Thierhaupten auf dem Engerlmarkt. Im Geb\u00e4ude oben [...]\t\t\t\t\t<\/p>\n\t\t\t\t\t                    \n\t\t\t\t\t\n\t\t\t\t\t\n\t\t\t\t\t<\/div>\n\t\t\t\t\t<\/div>\n\t\t\t\t\t\t\t\t\t<\/div>\n\t\t\t<\/div>\n\t\t<\/div><div class=\"col post-item\" >\n\t\t\t<div class=\"col-inner\">\n\t\t\t\t<div class=\"box box-normal box-text-bottom box-blog-post has-hover\">\n          \t\t\t\t\t<div class=\"box-text text-center\" >\n\t\t\t\t\t<div class=\"box-text-inner blog-post-inner\">\n\n\t\t\t\t\t\n\t\t\t\t\t\t\t\t\t\t<h5 class=\"post-title is-large \">\n\t\t\t\t\t\t<a href=\"https:\/\/monisbastelzimmer.de\/home\/2025\/11\/12\/gemeinsame-zeit-beim-workshop\/\" class=\"plain\">gemeinsame Zeit beim Workshop<\/a>\n\t\t\t\t\t<\/h5>\n\t\t\t\t\t<div class=\"post-meta is-small op-8\">12. November 2025<\/div>\t\t\t\t\t<div class=\"is-divider\"><\/div>\n\t\t\t\t\t\t\t\t\t\t<p class=\"from_the_blog_excerpt \">\n\t\t\t\t\t\t\t\t\t\t\t<\/p>\n\t\t\t\t\t                    \n\t\t\t\t\t\n\t\t\t\t\t\n\t\t\t\t\t<\/div>\n\t\t\t\t\t<\/div>\n\t\t\t\t\t\t\t\t\t<\/div>\n\t\t\t<\/div>\n\t\t<\/div><div class=\"col post-item\" >\n\t\t\t<div class=\"col-inner\">\n\t\t\t\t<div class=\"box box-normal box-text-bottom box-blog-post has-hover\">\n          \t\t\t\t\t<div class=\"box-text text-center\" >\n\t\t\t\t\t<div class=\"box-text-inner blog-post-inner\">\n\n\t\t\t\t\t\n\t\t\t\t\t\t\t\t\t\t<h5 class=\"post-title is-large \">\n\t\t\t\t\t\t<a href=\"https:\/\/monisbastelzimmer.de\/home\/2025\/11\/12\/stanzform-froehlich-zugestellt\/\" class=\"plain\">Stanzform Fr\u00f6hlich zugestellt<\/a>\n\t\t\t\t\t<\/h5>\n\t\t\t\t\t<div class=\"post-meta is-small op-8\">12. November 2025<\/div>\t\t\t\t\t<div class=\"is-divider\"><\/div>\n\t\t\t\t\t\t\t\t\t\t<p class=\"from_the_blog_excerpt \">\n\t\t\t\t\t\tIhr sucht noch nach einer Idee f\u00fcr den Adventskalender? H\u00e4tte da mal eine Idee, seht [...]\t\t\t\t\t<\/p>\n\t\t\t\t\t                    \n\t\t\t\t\t\n\t\t\t\t\t\n\t\t\t\t\t<\/div>\n\t\t\t\t\t<\/div>\n\t\t\t\t\t\t\t\t\t<\/div>\n\t\t\t<\/div>\n\t\t<\/div><div class=\"col post-item\" >\n\t\t\t<div class=\"col-inner\">\n\t\t\t\t<div class=\"box box-normal box-text-bottom box-blog-post has-hover\">\n          \t\t\t\t\t<div class=\"box-text text-center\" >\n\t\t\t\t\t<div class=\"box-text-inner blog-post-inner\">\n\n\t\t\t\t\t\n\t\t\t\t\t\t\t\t\t\t<h5 class=\"post-title is-large \">\n\t\t\t\t\t\t<a href=\"https:\/\/monisbastelzimmer.de\/home\/2025\/09\/30\/kreativworkshop-27-09-25\/\" class=\"plain\">Kreativworkshop 27.09.25<\/a>\n\t\t\t\t\t<\/h5>\n\t\t\t\t\t<div class=\"post-meta is-small op-8\">30. September 2025<\/div>\t\t\t\t\t<div class=\"is-divider\"><\/div>\n\t\t\t\t\t\t\t\t\t\t<p class=\"from_the_blog_excerpt \">\n\t\t\t\t\t\tSchee wars wie immer. Danke an Bianca und Sonja, wir sind echt schon ein gutes [...]\t\t\t\t\t<\/p>\n\t\t\t\t\t                    \n\t\t\t\t\t\n\t\t\t\t\t\n\t\t\t\t\t<\/div>\n\t\t\t\t\t<\/div>\n\t\t\t\t\t\t\t\t\t<\/div>\n\t\t\t<\/div>\n\t\t<\/div><div class=\"col post-item\" >\n\t\t\t<div class=\"col-inner\">\n\t\t\t\t<div class=\"box box-normal box-text-bottom box-blog-post has-hover\">\n          \t\t\t\t\t<div class=\"box-text text-center\" >\n\t\t\t\t\t<div class=\"box-text-inner blog-post-inner\">\n\n\t\t\t\t\t\n\t\t\t\t\t\t\t\t\t\t<h5 class=\"post-title is-large \">\n\t\t\t\t\t\t<a href=\"https:\/\/monisbastelzimmer.de\/home\/2025\/09\/30\/das-beste-einstiegsangebot-aller-zeiten\/\" class=\"plain\">Das beste Einstiegsangebot aller Zeiten<\/a>\n\t\t\t\t\t<\/h5>\n\t\t\t\t\t<div class=\"post-meta is-small op-8\">30. September 2025<\/div>\t\t\t\t\t<div class=\"is-divider\"><\/div>\n\t\t\t\t\t\t\t\t\t\t<p class=\"from_the_blog_excerpt \">\n\t\t\t\t\t\tDu liebst kreative Projekte, und m\u00f6chtest am liebsten alle Stampin&#8216; Up! Produkte kaufen? Oder denkst [...]\t\t\t\t\t<\/p>\n\t\t\t\t\t                    \n\t\t\t\t\t\n\t\t\t\t\t\n\t\t\t\t\t<\/div>\n\t\t\t\t\t<\/div>\n\t\t\t\t\t\t\t\t\t<\/div>\n\t\t\t<\/div>\n\t\t<\/div><div class=\"col post-item\" >\n\t\t\t<div class=\"col-inner\">\n\t\t\t\t<div class=\"box box-normal box-text-bottom box-blog-post has-hover\">\n          \t\t\t\t\t<div class=\"box-text text-center\" >\n\t\t\t\t\t<div class=\"box-text-inner blog-post-inner\">\n\n\t\t\t\t\t\n\t\t\t\t\t\t\t\t\t\t<h5 class=\"post-title is-large \">\n\t\t\t\t\t\t<a href=\"https:\/\/monisbastelzimmer.de\/home\/2025\/09\/11\/weltkartenbasteltag-04-10-25\/\" class=\"plain\">Weltkartenbasteltag 04.10.25<\/a>\n\t\t\t\t\t<\/h5>\n\t\t\t\t\t<div class=\"post-meta is-small op-8\">11. September 2025<\/div>\t\t\t\t\t<div class=\"is-divider\"><\/div>\n\t\t\t\t\t\t\t\t\t\t<p class=\"from_the_blog_excerpt \">\n\t\t\t\t\t\tMelde dich zum Weltkartenbasteltag an, und erhalte im Anschluss ein Geschenk. Werde am 04.10.25 von [...]\t\t\t\t\t<\/p>\n\t\t\t\t\t                    \n\t\t\t\t\t\n\t\t\t\t\t\n\t\t\t\t\t<\/div>\n\t\t\t\t\t<\/div>\n\t\t\t\t\t\t\t\t\t<\/div>\n\t\t\t<\/div>\n\t\t<\/div><div class=\"col post-item\" >\n\t\t\t<div class=\"col-inner\">\n\t\t\t\t<div class=\"box box-normal box-text-bottom box-blog-post has-hover\">\n          \t\t\t\t\t<div class=\"box-text text-center\" >\n\t\t\t\t\t<div class=\"box-text-inner blog-post-inner\">\n\n\t\t\t\t\t\n\t\t\t\t\t\t\t\t\t\t<h5 class=\"post-title is-large \">\n\t\t\t\t\t\t<a href=\"https:\/\/monisbastelzimmer.de\/home\/2025\/07\/18\/danke-vielmals\/\" class=\"plain\">Danke vielmals<\/a>\n\t\t\t\t\t<\/h5>\n\t\t\t\t\t<div class=\"post-meta is-small op-8\">18. Juli 2025<\/div>\t\t\t\t\t<div class=\"is-divider\"><\/div>\n\t\t\t\t\t\t\t\t\t\t<p class=\"from_the_blog_excerpt \">\n\t\t\t\t\t\tJetzt zum Schuljahresende braucht man ein paar Dankesch\u00f6ns. Oder auch mal ein Kartenset verschenken.\t\t\t\t\t<\/p>\n\t\t\t\t\t                    \n\t\t\t\t\t\n\t\t\t\t\t\n\t\t\t\t\t<\/div>\n\t\t\t\t\t<\/div>\n\t\t\t\t\t\t\t\t\t<\/div>\n\t\t\t<\/div>\n\t\t<\/div><div class=\"col post-item\" >\n\t\t\t<div class=\"col-inner\">\n\t\t\t\t<div class=\"box box-normal box-text-bottom box-blog-post has-hover\">\n          \t\t\t\t\t<div class=\"box-text text-center\" >\n\t\t\t\t\t<div class=\"box-text-inner blog-post-inner\">\n\n\t\t\t\t\t\n\t\t\t\t\t\t\t\t\t\t<h5 class=\"post-title is-large \">\n\t\t\t\t\t\t<a href=\"https:\/\/monisbastelzimmer.de\/home\/2025\/07\/04\/quadratische-box-mit-deckel\/\" class=\"plain\">Quadratische Box mit Deckel<\/a>\n\t\t\t\t\t<\/h5>\n\t\t\t\t\t<div class=\"post-meta is-small op-8\">4. Juli 2025<\/div>\t\t\t\t\t<div class=\"is-divider\"><\/div>\n\t\t\t\t\t\t\t\t\t\t<p class=\"from_the_blog_excerpt \">\n\t\t\t\t\t\tEin neues Tutorial mit einigen Ideen und neuen Produkten. Viel Spa\u00df beim anschauen und nachbasteln.\t\t\t\t\t<\/p>\n\t\t\t\t\t                    \n\t\t\t\t\t\n\t\t\t\t\t\n\t\t\t\t\t<\/div>\n\t\t\t\t\t<\/div>\n\t\t\t\t\t\t\t\t\t<\/div>\n\t\t\t<\/div>\n\t\t<\/div><\/div>\n\n\n\t\t<\/div>\n\t\t\t\t\t<\/div>\n\n\t\n\n\t<div id=\"col-624915713\" class=\"col medium-3 small-12 large-3\"  >\n\t\t\t\t<div class=\"col-inner\"  >\n\t\t\t\n\t\t\t\n\n<ul class=\"sidebar-wrapper ul-reset\"><aside id=\"text-13\" class=\"widget widget_text\"><span class=\"widget-title \"><span>\u00dcber Mich<\/span><\/span><div class=\"is-divider small\"><\/div>\t\t\t<div class=\"textwidget\"><p><img loading=\"lazy\" decoding=\"async\" class=\"alignnone size-medium wp-image-402\" src=\"https:\/\/monisbastelzimmer.de\/wp-content\/uploads\/2024\/07\/DSC_6118-600x400.jpg\" alt=\"\" width=\"600\" height=\"400\" srcset=\"https:\/\/monisbastelzimmer.de\/wp-content\/uploads\/2024\/07\/DSC_6118-600x400.jpg 600w, https:\/\/monisbastelzimmer.de\/wp-content\/uploads\/2024\/07\/DSC_6118-1200x800.jpg 1200w, https:\/\/monisbastelzimmer.de\/wp-content\/uploads\/2024\/07\/DSC_6118-768x512.jpg 768w, https:\/\/monisbastelzimmer.de\/wp-content\/uploads\/2024\/07\/DSC_6118-1536x1024.jpg 1536w, https:\/\/monisbastelzimmer.de\/wp-content\/uploads\/2024\/07\/DSC_6118-2048x1365.jpg 2048w\" sizes=\"auto, (max-width: 600px) 100vw, 600px\" \/><\/p>\n<p>Mein Name ist Monika Brandl, ich bin 1980 geboren, verheiratet und habe 3 Kinder.<\/p>\n<p>Im M\u00e4rz 2012 durfte ich die Produkte von Stampin\u2019 Up! kennen und lieben lernen.<\/p>\n<p>Ich war sofort begeistert von diesen Produkten- es passte einfach alles perfekt zusammen.<br \/>\n<a href=\"https:\/\/monisbastelzimmer.de\/home\/ueber-mich\/\">mehr lesen<\/a><\/p>\n<\/div>\n\t\t<\/aside>\t\t<aside id=\"flatsome_recent_posts-17\" class=\"widget flatsome_recent_posts\">\t\t<span class=\"widget-title \"><span>Neueste Beitr\u00e4ge<\/span><\/span><div class=\"is-divider small\"><\/div>\t\t<ul>\t\t\n\t\t\n\t\t<li class=\"recent-blog-posts-li\">\n\t\t\t<div class=\"flex-row recent-blog-posts align-top pt-half pb-half\">\n\t\t\t\t<div class=\"flex-col mr-half\">\n\t\t\t\t\t<div class=\"badge post-date  badge-outline\">\n\t\t\t\t\t\t\t<div class=\"badge-inner bg-fill\" >\n                                \t\t\t\t\t\t\t\t<span class=\"post-date-day\">27<\/span><br>\n\t\t\t\t\t\t\t\t<span class=\"post-date-month is-xsmall\">Nov.<\/span>\n                                \t\t\t\t\t\t\t<\/div>\n\t\t\t\t\t<\/div>\n\t\t\t\t<\/div>\n\t\t\t\t<div class=\"flex-col flex-grow\">\n\t\t\t\t\t  <a href=\"https:\/\/monisbastelzimmer.de\/home\/2025\/11\/27\/engerlmarkt-in-thierhaupten\/\" title=\"Engerlmarkt in Thierhaupten\">Engerlmarkt in Thierhaupten<\/a>\n\t\t\t\t   \t  <span class=\"post_comments op-7 block is-xsmall\"><a href=\"https:\/\/monisbastelzimmer.de\/home\/2025\/11\/27\/engerlmarkt-in-thierhaupten\/#respond\"><\/a><\/span>\n\t\t\t\t<\/div>\n\t\t\t<\/div>\n\t\t<\/li>\n\t\t\n\t\t\n\t\t<li class=\"recent-blog-posts-li\">\n\t\t\t<div class=\"flex-row recent-blog-posts align-top pt-half pb-half\">\n\t\t\t\t<div class=\"flex-col mr-half\">\n\t\t\t\t\t<div class=\"badge post-date  badge-outline\">\n\t\t\t\t\t\t\t<div class=\"badge-inner bg-fill\" >\n                                \t\t\t\t\t\t\t\t<span class=\"post-date-day\">12<\/span><br>\n\t\t\t\t\t\t\t\t<span class=\"post-date-month is-xsmall\">Nov.<\/span>\n                                \t\t\t\t\t\t\t<\/div>\n\t\t\t\t\t<\/div>\n\t\t\t\t<\/div>\n\t\t\t\t<div class=\"flex-col flex-grow\">\n\t\t\t\t\t  <a href=\"https:\/\/monisbastelzimmer.de\/home\/2025\/11\/12\/gemeinsame-zeit-beim-workshop\/\" title=\"gemeinsame Zeit beim Workshop\">gemeinsame Zeit beim Workshop<\/a>\n\t\t\t\t   \t  <span class=\"post_comments op-7 block is-xsmall\"><a href=\"https:\/\/monisbastelzimmer.de\/home\/2025\/11\/12\/gemeinsame-zeit-beim-workshop\/#respond\"><\/a><\/span>\n\t\t\t\t<\/div>\n\t\t\t<\/div>\n\t\t<\/li>\n\t\t\n\t\t\n\t\t<li class=\"recent-blog-posts-li\">\n\t\t\t<div class=\"flex-row recent-blog-posts align-top pt-half pb-half\">\n\t\t\t\t<div class=\"flex-col mr-half\">\n\t\t\t\t\t<div class=\"badge post-date  badge-outline\">\n\t\t\t\t\t\t\t<div class=\"badge-inner bg-fill\" >\n                                \t\t\t\t\t\t\t\t<span class=\"post-date-day\">12<\/span><br>\n\t\t\t\t\t\t\t\t<span class=\"post-date-month is-xsmall\">Nov.<\/span>\n                                \t\t\t\t\t\t\t<\/div>\n\t\t\t\t\t<\/div>\n\t\t\t\t<\/div>\n\t\t\t\t<div class=\"flex-col flex-grow\">\n\t\t\t\t\t  <a href=\"https:\/\/monisbastelzimmer.de\/home\/2025\/11\/12\/stanzform-froehlich-zugestellt\/\" title=\"Stanzform Fr\u00f6hlich zugestellt\">Stanzform Fr\u00f6hlich zugestellt<\/a>\n\t\t\t\t   \t  <span class=\"post_comments op-7 block is-xsmall\"><a href=\"https:\/\/monisbastelzimmer.de\/home\/2025\/11\/12\/stanzform-froehlich-zugestellt\/#respond\"><\/a><\/span>\n\t\t\t\t<\/div>\n\t\t\t<\/div>\n\t\t<\/li>\n\t\t\n\t\t\n\t\t<li class=\"recent-blog-posts-li\">\n\t\t\t<div class=\"flex-row recent-blog-posts align-top pt-half pb-half\">\n\t\t\t\t<div class=\"flex-col mr-half\">\n\t\t\t\t\t<div class=\"badge post-date  badge-outline\">\n\t\t\t\t\t\t\t<div class=\"badge-inner bg-fill\" >\n                                \t\t\t\t\t\t\t\t<span class=\"post-date-day\">30<\/span><br>\n\t\t\t\t\t\t\t\t<span class=\"post-date-month is-xsmall\">Sep.<\/span>\n                                \t\t\t\t\t\t\t<\/div>\n\t\t\t\t\t<\/div>\n\t\t\t\t<\/div>\n\t\t\t\t<div class=\"flex-col flex-grow\">\n\t\t\t\t\t  <a href=\"https:\/\/monisbastelzimmer.de\/home\/2025\/09\/30\/kreativworkshop-27-09-25\/\" title=\"Kreativworkshop 27.09.25\">Kreativworkshop 27.09.25<\/a>\n\t\t\t\t   \t  <span class=\"post_comments op-7 block is-xsmall\"><a href=\"https:\/\/monisbastelzimmer.de\/home\/2025\/09\/30\/kreativworkshop-27-09-25\/#respond\"><\/a><\/span>\n\t\t\t\t<\/div>\n\t\t\t<\/div>\n\t\t<\/li>\n\t\t\n\t\t\n\t\t<li class=\"recent-blog-posts-li\">\n\t\t\t<div class=\"flex-row recent-blog-posts align-top pt-half pb-half\">\n\t\t\t\t<div class=\"flex-col mr-half\">\n\t\t\t\t\t<div class=\"badge post-date  badge-outline\">\n\t\t\t\t\t\t\t<div class=\"badge-inner bg-fill\" >\n                                \t\t\t\t\t\t\t\t<span class=\"post-date-day\">30<\/span><br>\n\t\t\t\t\t\t\t\t<span class=\"post-date-month is-xsmall\">Sep.<\/span>\n                                \t\t\t\t\t\t\t<\/div>\n\t\t\t\t\t<\/div>\n\t\t\t\t<\/div>\n\t\t\t\t<div class=\"flex-col flex-grow\">\n\t\t\t\t\t  <a href=\"https:\/\/monisbastelzimmer.de\/home\/2025\/09\/30\/das-beste-einstiegsangebot-aller-zeiten\/\" title=\"Das beste Einstiegsangebot aller Zeiten\">Das beste Einstiegsangebot aller Zeiten<\/a>\n\t\t\t\t   \t  <span class=\"post_comments op-7 block is-xsmall\"><a href=\"https:\/\/monisbastelzimmer.de\/home\/2025\/09\/30\/das-beste-einstiegsangebot-aller-zeiten\/#respond\"><\/a><\/span>\n\t\t\t\t<\/div>\n\t\t\t<\/div>\n\t\t<\/li>\n\t\t\t\t<\/ul>\t\t<\/aside><aside id=\"recent-comments-5\" class=\"widget widget_recent_comments\"><span class=\"widget-title \"><span>Neueste Kommentare<\/span><\/span><div class=\"is-divider small\"><\/div><ul id=\"recentcomments\"><\/ul><\/aside><\/ul>\n\n\n\t\t<\/div>\n\t\t\t\t\t<\/div>\n\n\t\n\n<\/div>\n\n\t\t<\/div>\n\n\t\t\n<style>\n#section_2011734325 {\n  padding-top: 30px;\n  padding-bottom: 30px;\n}\n<\/style>\n\t<\/section>\n\t\n\t<section class=\"section\" id=\"section_1153032760\">\n\t\t<div class=\"bg section-bg fill bg-fill  bg-loaded\" >\n\n\t\t\t\n\t\t\t\n\t\t\t\n\n\t\t<\/div>\n\n\t\t\n\n\t\t<div class=\"section-content relative\">\n\t\t\t\n\n<div class=\"text-center\"><div class=\"is-divider divider clearfix\" style=\"max-width:1500px;background-color:rgb(248, 197, 198);\"><\/div><\/div>\n\n<div class=\"row\"  id=\"row-884350212\">\n\n\n\t<div id=\"col-1140514793\" class=\"col medium-6 small-12 large-6\"  >\n\t\t\t\t<div class=\"col-inner\"  >\n\t\t\t\n\t\t\t\n\n\t<div class=\"img has-hover x md-x lg-x y md-y lg-y\" id=\"image_1492648157\">\n\t\t\t\t\t\t\t\t<div class=\"img-inner dark\" >\n\t\t\t<img loading=\"lazy\" decoding=\"async\" width=\"1020\" height=\"680\" src=\"https:\/\/monisbastelzimmer.de\/wp-content\/uploads\/2024\/07\/DSC_6363-1200x800.jpg\" class=\"attachment-large size-large\" alt=\"Moni mit Stampin&#039;Up Material\" srcset=\"https:\/\/monisbastelzimmer.de\/wp-content\/uploads\/2024\/07\/DSC_6363-1200x800.jpg 1200w, https:\/\/monisbastelzimmer.de\/wp-content\/uploads\/2024\/07\/DSC_6363-600x400.jpg 600w, https:\/\/monisbastelzimmer.de\/wp-content\/uploads\/2024\/07\/DSC_6363-768x512.jpg 768w, https:\/\/monisbastelzimmer.de\/wp-content\/uploads\/2024\/07\/DSC_6363-1536x1024.jpg 1536w, https:\/\/monisbastelzimmer.de\/wp-content\/uploads\/2024\/07\/DSC_6363-2048x1365.jpg 2048w\" sizes=\"auto, (max-width: 1020px) 100vw, 1020px\" \/>\t\t\t\t\t\t\n\t\t\t\t\t<\/div>\n\t\t\t\t\t\t\t\t\n<style>\n#image_1492648157 {\n  width: 100%;\n}\n<\/style>\n\t<\/div>\n\t\n\n\n\t\t<\/div>\n\t\t\t\t\t<\/div>\n\n\t\n\n\t<div id=\"col-1019940841\" class=\"col medium-6 small-12 large-6\"  >\n\t\t\t\t<div class=\"col-inner\"  >\n\t\t\t\n\t\t\t\n\n<h3 class=\"upper case uppercase\">Der Newsletter von Monis Bastelzimmer<\/h3>\n<p>Regelm\u00e4\u00dfige Bastel-Tipps und Ideen, Angebote und viel Kreativit\u00e4t &#8211; dabei sein lohnt sich auf jeden Fall.<\/p>\n\n\n<!DOCTYPE html PUBLIC \"-\/\/W3C\/\/DTD HTML 4.0 Transitional\/\/EN\" \"http:\/\/www.w3.org\/TR\/REC-html40\/loose.dtd\">\n<?xml encoding=\"utf-8\" ?><html><head><script>\nfunction loadjQuery(e,t){var n=document.createElement(\"script\");n.setAttribute(\"src\",e);n.onload=t;n.onreadystatechange=function(){if(this.readyState==\"complete\"||this.readyState==\"loaded\")t()};document.getElementsByTagName(\"head\")[0].appendChild(n)}function main(){\n\n\n}\nif(typeof jQuery===\"undefined\"){loadjQuery(\"\/\/ajax.googleapis.com\/ajax\/libs\/jquery\/1.4.4\/jquery.min.js\",main)}else{main()}\n\n<\/script>\n\n\n<style>.cr_header {\n    text-align: center;\n    background: transparent !important;\n}\n\n.cr_body label, .cr_body .label {\n    float: none;\n    clear: both;\n    display: inline-block;\n    width: auto;\n    margin-top: 8px;\n    text-align: left;\n    font-weight: bold;\n    position: relative;\n}\n\n.cr_body .no-label {\n    font-weight: normal;\n}\n\n.cr_body #editable_content {\n    padding: 20px;\n}\n\n.editable-content {\n    padding: 20px\n}\n\n.cr_button {\n    display: inline-block;\n    width: auto;\n    white-space: nowrap;\n    height: 32px;\n    margin: 5px 5px 0 0;\n    padding: 0 22px;\n    text-decoration: none;\n    text-align: center;\n    font-weight: bold;\n    font-style: normal;\n    font-size: 15px;\n    line-height: 32px;\n    cursor: pointer;\n    border: 0;\n    -moz-border-radius: 4px;\n    border-radius: 4px;\n    -webkit-border-radius: 4px;\n    vertical-align: top;\n}\n\n.cr_button:hover, .cr_button-small:hover {\n    opacity: 0.7;\n    filter: alpha(opacity=70);\n}\n\n.powered {\n    padding: 20px 0;\n    width: 560px;\n    margin: 0 auto;\n}\n\n.cr_ipe_item label {\n    line-height: 150%;\n    font-size: 14px;\n}\n\n.cr_ipe_item textarea {\n    background: none repeat scroll 0 0 #ffffff;\n    border-radius: 3px;\n    border: 1px solid #ccc;\n    font-size: 16px;\n}\n\n.cr_ipe_item input {\n    background: none repeat scroll 0 0 #ffffff;\n    border-radius: 3px;\n    border: 1px solid #ccc;\n    font-size: 16px;\n}\n\n.cr_ipe_item input[type='email'],\n.cr_ipe_item input[type='text'] {\n    width: 100%;\n}\n\n.cr_ipe_item select {\n    background: none repeat scroll 0 0 #ffffff;\n    border-radius: 3px;\n    border: 1px solid #ccc;\n    display: block;\n    margin: 0;\n    width: 100%;\n    font-size: 16px;\n}\n\n.cr_ipe_item input.cr_ipe_radio, input.cr_ipe_checkbox {\n    -moz-binding: none;\n    -moz-box-sizing: border-box;\n    background-color: -moz-field !important;\n    border: 2px inset ThreeDFace !important;\n    color: -moz-fieldtext !important;\n    cursor: default;\n    height: 13px;\n    padding: 0 !important;\n    width: 13px;\n}\n\n.cr_ipe_item input.cr_ipe_radio {\n    -moz-appearance: radio;\n    border-radius: 100% 100% 100% 100% !important;\n    margin: 3px 3px 0 5px;\n}\n\n.cr_ipe_item {\n    margin: 0 10px;\n    padding: 0 10px;\n    width: 100%;\n}\n\n.submit_container {\n    text-align: center\n}\n\n.cr_ipe_item.inactive {\n    display: none;\n}\n\n.imprint {\n    font-size: 0.8em;\n}\n\n.cr_captcha {\n    padding-left: 130px;\n}\n\n.cr_error {\n    font-size: 1.1em;\n    padding: 10px;\n}\n\n.clever_form_error {\n    background-color: #f99;\n    color: #000;\n    border: 1px solid #f22 !important\n}\n\n.clever_form_note {\n    margin: 26px 0 0 3px;\n    position: absolute;\n    display: inline;\n    padding: 2px 4px;\n    font-weight: bold;\n    background-color: #f2ecb5;\n    color: #000;\n    font-size: 12px !important;\n}\n\n.cr_form-flex {\n    display: flex;\n}\n\n.cr_form-flex > .cr_form-inputgroup {\n    flex-grow: 1;\n    margin-right: 5px;\n}\n\n.cr_form-flex > .cr_form-inputgroup:last-child {\n    margin-right: 0;\n}\n\n.cr_form-flex input {\n    width: 100%;\n}\n\n.cr_form,\n.cr_form .submit_container {\n    text-align: center !important;\n    margin: 5% 0;\n}\n\n.cr_form a {\n    border: none;\n}\n\n.cr_form .cr_page img {\n    display: inline;\n}\n\n.cr_font .submit_container {\n    margin-top: 3%;\n}\n\n.cr_form .cr_header_text,\n.cr_form .cr_ipe_item.ui-sortable {\n    text-align: left;\n    margin-bottom: 3%;\n}\n\n.cr_form .cr_header_text,\n.cr_form .cr_ipe_item.ui-sortable iframe {\n    height: 30px;\n}\n\n.cr_form .cr_header_text,\n.cr_form .cr_ipe_item.ui-sortable.musthave iframe {\n    height: auto;\n}\n\n.cr_form input[type='text'] {\n    width: 10% !important;\n    display: inline;\n}\n\n.cr_form .cr_ipe_item[rel='recaptcha'] {\n    margin-top: 3%;\n}\n\n.cr_form .cr_ipe_item[rel='recaptcha'] br {\n    display: none;\n}\n\n.cr_form .cr_ipe_item[rel='email'] input[type='text'],\n.cr_form .cr_ipe_item[rel='text'] input[type='text'],\n.cr_form textarea,\n.cr_form select {\n    width: 100% !important;\n}\n\n.cr_form .cr_ipe_item[rel='radio'] input[type='radio'] {\n    height: auto;\n}\n\n.cr_form a:not(.btn) {\n    border: none;\n}\n\n@media (max-width: 480px) {\n    #recaptcha_v2_widget > div:nth-child(1) {\n        width: max-content !important;\n    }\n}<\/style>\n\n\n<style id=\"style\">\n.cr_site {background-color:#eee;}\n.cr_body {color:#000000;background-color:#ffffff;}\n.cr_header {color:#000;}\n.cr_hr {background-color:#ccc;}\n.cr_site a {color:#0084ff;}\n.imprint {color:#333333;}\n.cr_page {width:auto;max-width:640px;}\n\n<\/style>\n\n\n\n<\/head><body><form class=\"layout_form cr_form cr_font\" action=\"https:\/\/seu.cleverreach.com\/f\/398874-176014\/wcs\/\" method=\"post\" target=\"_blank\">\n\t<div class=\"cr_body cr_page cr_font formbox\">\n\t\t<div class=\"non_sortable\" style=\"text-align:left;\">\n\t\t\t\n\t\t<\/div>\n\t\t\n\t\t<div class=\"editable_content\" style=\"text-align:left;\">\n\t\t<div id=\"4089824\" rel=\"email\" class=\"cr_form-component cr_form-component--email cr_ipe_item ui-sortable musthave\" style=\"margin-bottom:px;\">\n    <div class=\"cr_form-inputgroup cr_form-inputgroup--typeemail\">\n        <label for=\"text4089824\">E-Mail*<\/label>\n        <input class=\"cr_form-input\" type=\"email\" id=\"text4089824\" name=\"email\" value=\"\" placeholder=\"name@example.com\" style=\"\">\n    <\/div>\n<\/div><div id=\"4089828\" rel=\"recaptcha\" class=\"cr_ipe_item ui-sortable musthave\">\n\t\n\n\t\n\n\t<script src=\"https:\/\/www.google.com\/recaptcha\/api.js\" async defer><\/script>\n\t<br>\n\t<div id=\"recaptcha_v2_widget\" class=\"g-recaptcha\" data-theme=\"light\" data-size=\"normal\" data-sitekey=\"6Lfhcd0SAAAAAOBEHmAVEHJeRnrH8T7wPvvNzEPD\"><\/div>\n\t<br>\n\n\t\n<\/div><div id=\"4089826\" rel=\"button\" class=\"cr_form-component cr_form-component--submit cr_ipe_item ui-sortable  submit_container\">\n    <button type=\"submit\" class=\"cr_form-block cr_button components-button is-button is-primary\">Anmelden<\/button>\n<\/div>\n\n        <\/div>\n        \n\t\n    <\/div>\n\n    \n    <div class=\"badge\" style=\"text-align:center; border:none !Important; background:transparent !Important;\"><a href=\"https:\/\/www.cleverreach.de\/?utm_source=system&amp;utm_medium=form&amp;utm_campaign=c398874\" target=\"_blank\"><img decoding=\"async\" src=\"https:\/\/d388us03v35p3m.cloudfront.net\/cr3_images\/badget1.png\" border=\"0\"><\/a><\/div>\n    \n<\/form><\/body><\/html>\n\n\n\n\t\t<\/div>\n\t\t\t\t\t<\/div>\n\n\t\n\n<\/div>\n\n\t\t<\/div>\n\n\t\t\n<style>\n#section_1153032760 {\n  padding-top: 30px;\n  padding-bottom: 30px;\n}\n<\/style>\n\t<\/section>\n\t\n\n","protected":false},"excerpt":{"rendered":"","protected":false},"author":1,"featured_media":0,"parent":0,"menu_order":0,"comment_status":"closed","ping_status":"closed","template":"","meta":{"footnotes":""},"class_list":["post-310","page","type-page","status-publish","hentry"],"_links":{"self":[{"href":"https:\/\/monisbastelzimmer.de\/home\/wp-json\/wp\/v2\/pages\/310","targetHints":{"allow":["GET"]}}],"collection":[{"href":"https:\/\/monisbastelzimmer.de\/home\/wp-json\/wp\/v2\/pages"}],"about":[{"href":"https:\/\/monisbastelzimmer.de\/home\/wp-json\/wp\/v2\/types\/page"}],"author":[{"embeddable":true,"href":"https:\/\/monisbastelzimmer.de\/home\/wp-json\/wp\/v2\/users\/1"}],"replies":[{"embeddable":true,"href":"https:\/\/monisbastelzimmer.de\/home\/wp-json\/wp\/v2\/comments?post=310"}],"version-history":[{"count":8,"href":"https:\/\/monisbastelzimmer.de\/home\/wp-json\/wp\/v2\/pages\/310\/revisions"}],"predecessor-version":[{"id":426,"href":"https:\/\/monisbastelzimmer.de\/home\/wp-json\/wp\/v2\/pages\/310\/revisions\/426"}],"wp:attachment":[{"href":"https:\/\/monisbastelzimmer.de\/home\/wp-json\/wp\/v2\/media?parent=310"}],"curies":[{"name":"wp","href":"https:\/\/api.w.org\/{rel}","templated":true}]}}